{"id":2,"date":"2019-03-06T11:19:22","date_gmt":"2019-03-06T11:19:22","guid":{"rendered":"https:\/\/artealcala.com\/?page_id=2"},"modified":"2023-10-03T14:28:43","modified_gmt":"2023-10-03T14:28:43","slug":"sample-page","status":"publish","type":"page","link":"https:\/\/artealcala.com\/","title":{"rendered":"ArteAlcal\u00e1, tu academia"},"content":{"rendered":"\n<h4><strong>Tu academia de pintura y dibujo en Alcal\u00e1 de Henares, disfruta pintando y dibujando, en una academia de ensue\u00f1o&#8230;<\/strong><\/h4>\n\n\n\n<p class=\"has-text-align-center has-luminous-vivid-amber-background-color has-background has-medium-font-size\"><strong>En pleno centro de Alcal\u00e1 <\/strong><strong>(Calle Mayor, 90, 2\u00aa planta)<\/strong><\/p>\n\n\n<div class=\"wp-block-image\">\n<figure class=\"aligncenter\"><img loading=\"lazy\" width=\"635\" height=\"412\" src=\"http:\/\/artealcala.com\/wp-content\/uploads\/2019\/03\/Situacion-Academia.jpg\" alt=\"\" class=\"wp-image-80\" srcset=\"https:\/\/artealcala.com\/wp-content\/uploads\/2019\/03\/Situacion-Academia.jpg 635w, https:\/\/artealcala.com\/wp-content\/uploads\/2019\/03\/Situacion-Academia-300x195.jpg 300w\" sizes=\"(max-width: 635px) 100vw, 635px\" \/><figcaption>En la C\/ Mayor, 90, Segunda planta.<\/figcaption><\/figure><\/div>\n\n\n<figure class=\"wp-block-image\"><img loading=\"lazy\" width=\"768\" height=\"1024\" src=\"https:\/\/artealcala.com\/wp-content\/uploads\/2019\/03\/IMG_5583-e1551902786806-768x1024.jpg\" alt=\"\" class=\"wp-image-57\" srcset=\"https:\/\/artealcala.com\/wp-content\/uploads\/2019\/03\/IMG_5583-e1551902786806-768x1024.jpg 768w, https:\/\/artealcala.com\/wp-content\/uploads\/2019\/03\/IMG_5583-e1551902786806-225x300.jpg 225w, https:\/\/artealcala.com\/wp-content\/uploads\/2019\/03\/IMG_5583-e1551902786806.jpg 1704w\" sizes=\"(max-width: 768px) 100vw, 768px\" \/><figcaption>Formaci\u00f3n art\u00edstica- Roberto Fuentes (Profesor)<\/figcaption><\/figure>\n\n\n\n<p class=\"has-text-align-center has-medium-font-size\">\u00abEl quid de la cuesti\u00f3n reside en que el alumno encuentre su espacio. Lo \u00fanico que hay que hacer, si sabes, es ayudar a encontrar ese espacio que  le corresponde a cada uno\u00bb  <\/p>\n\n\n\n<p class=\"has-text-align-center has-luminous-vivid-amber-background-color has-background has-medium-font-size\"><strong>En un entorno incomparable de Alcal\u00e1 de Henares se encuentra nuestra academia de pintura y dibujo, con una atenci\u00f3n personalizada<\/strong><code><br><\/code><\/p>\n\n\n\n<p class=\"has-text-align-right\">Antonio L\u00f3pez, pintor<\/p>\n\n\n\n<figure class=\"wp-block-image\"><img loading=\"lazy\" width=\"768\" height=\"1024\" src=\"http:\/\/artealcala.com\/wp-content\/uploads\/2019\/05\/andrea-768x1024.jpg\" alt=\"\" class=\"wp-image-153\" srcset=\"https:\/\/artealcala.com\/wp-content\/uploads\/2019\/05\/andrea-768x1024.jpg 768w, https:\/\/artealcala.com\/wp-content\/uploads\/2019\/05\/andrea-225x300.jpg 225w, https:\/\/artealcala.com\/wp-content\/uploads\/2019\/05\/andrea.jpg 1200w\" sizes=\"(max-width: 768px) 100vw, 768px\" \/><\/figure>\n\n\n\n<p class=\"has-text-align-center has-luminous-vivid-amber-background-color has-text-color has-background has-medium-font-size\" style=\"color:#153745\"><strong><mark style=\"background-color:rgba(0, 0, 0, 0)\" class=\"has-inline-color has-black-color\">El arte estimula muchas capacidades desde la infancia. En la academia se tiene muy en cuenta<\/mark><\/strong><\/p>\n\n\n<div class=\"wp-block-image\">\n<figure class=\"aligncenter\"><img loading=\"lazy\" width=\"640\" height=\"480\" src=\"http:\/\/artealcala.com\/wp-content\/uploads\/2019\/03\/Academia-2.jpg\" alt=\"\" class=\"wp-image-53\" srcset=\"https:\/\/artealcala.com\/wp-content\/uploads\/2019\/03\/Academia-2.jpg 640w, https:\/\/artealcala.com\/wp-content\/uploads\/2019\/03\/Academia-2-300x225.jpg 300w\" sizes=\"(max-width: 640px) 100vw, 640px\" \/><\/figure><\/div>\n\n\n<p class=\"has-text-align-center has-luminous-vivid-amber-background-color has-background has-medium-font-size\"><strong> Si quieres aprender y disfrutar del dibujo y la pintura puedes comenzar en las clases de ArteAlcal\u00e1<\/strong><\/p>\n\n\n\n<figure class=\"wp-block-image\"><img loading=\"lazy\" width=\"768\" height=\"1024\" src=\"https:\/\/artealcala.com\/wp-content\/uploads\/2019\/03\/IMG_0683-copia-e1551902757594-768x1024.jpg\" alt=\"\" class=\"wp-image-56\" srcset=\"https:\/\/artealcala.com\/wp-content\/uploads\/2019\/03\/IMG_0683-copia-e1551902757594-768x1024.jpg 768w, https:\/\/artealcala.com\/wp-content\/uploads\/2019\/03\/IMG_0683-copia-e1551902757594-225x300.jpg 225w, https:\/\/artealcala.com\/wp-content\/uploads\/2019\/03\/IMG_0683-copia-e1551902757594.jpg 1704w\" sizes=\"(max-width: 768px) 100vw, 768px\" \/><figcaption>Ambiente de trabajo<\/figcaption><\/figure>\n\n\n\n<p class=\"has-text-align-right has-medium-font-size\">\u00abEl pintor tiene el universo en su mente y en sus manos\u00bb<\/p>\n\n\n\n<p class=\"has-text-align-right\">Leonardo Da Vinci<\/p>\n\n\n\n<p class=\"has-text-align-center has-luminous-vivid-amber-background-color has-background has-medium-font-size\"><mark style=\"background-color:rgba(0, 0, 0, 0)\" class=\"has-inline-color has-black-color\"><strong>An\u00edmate y ap\u00fantate en nuestra academia. Inf\u00f3rmate de nuestros horarios y propuestas<\/strong><\/mark><\/p>\n\n\n<div class=\"wp-block-image\">\n<figure class=\"aligncenter\"><img loading=\"lazy\" width=\"640\" height=\"480\" src=\"https:\/\/artealcala.com\/wp-content\/uploads\/2019\/03\/Academia-3.jpg\" alt=\"\" class=\"wp-image-54\" srcset=\"https:\/\/artealcala.com\/wp-content\/uploads\/2019\/03\/Academia-3.jpg 640w, https:\/\/artealcala.com\/wp-content\/uploads\/2019\/03\/Academia-3-300x225.jpg 300w\" sizes=\"(max-width: 640px) 100vw, 640px\" \/><figcaption>Espacios dedicados<\/figcaption><\/figure><\/div>\n\n\n<p class=\"has-medium-font-size\">Te recordamos<\/p>\n\n\n\n<figure class=\"wp-block-image\"><img loading=\"lazy\" width=\"1024\" height=\"759\" src=\"https:\/\/artealcala.com\/wp-content\/uploads\/2019\/03\/Mapa-ok-1-1024x759.jpg\" alt=\"\" class=\"wp-image-63\" srcset=\"https:\/\/artealcala.com\/wp-content\/uploads\/2019\/03\/Mapa-ok-1-1024x759.jpg 1024w, https:\/\/artealcala.com\/wp-content\/uploads\/2019\/03\/Mapa-ok-1-300x222.jpg 300w, https:\/\/artealcala.com\/wp-content\/uploads\/2019\/03\/Mapa-ok-1-768x570.jpg 768w\" sizes=\"(max-width: 1024px) 100vw, 1024px\" \/><\/figure>\n\n\n\n<p class=\"has-text-align-center has-luminous-vivid-amber-background-color has-background has-medium-font-size\">Clases en horario de ma\u00f1ana y tarde.<br>Tel\u00e9fono: <strong>918 807 707<\/strong><br><strong>Calle Mayor, 90, 2\u00aa planta<\/strong><br>Mail: <strong>artealcala@gmail.com<\/strong><\/p>\n","protected":false},"excerpt":{"rendered":"<p>Tu academia de pintura y dibujo en Alcal\u00e1 de Henares, disfruta pintando y dibujando, en una academia de ensue\u00f1o&#8230; En pleno centro de Alcal\u00e1 (Calle Mayor, 90, 2\u00aa planta) \u00abEl quid de la cuesti\u00f3n reside en que el alumno encuentre su espacio. Lo \u00fanico que hay que hacer, si sabes, es ayudar a encontrar ese espacio que le corresponde a cada uno\u00bb En un entorno incomparable de Alcal\u00e1 de Henares se encuentra nuestra academia de pintura y dibujo, con una atenci\u00f3n personalizada Antonio L\u00f3pez, pintor El arte estimula muchas capacidades desde la infancia. En la academia se tiene muy en&#8230; <\/p>\n","protected":false},"author":1,"featured_media":0,"parent":0,"menu_order":0,"comment_status":"closed","ping_status":"closed","template":"","meta":[],"_links":{"self":[{"href":"https:\/\/artealcala.com\/index.php?rest_route=\/wp\/v2\/pages\/2"}],"collection":[{"href":"https:\/\/artealcala.com\/index.php?rest_route=\/wp\/v2\/pages"}],"about":[{"href":"https:\/\/artealcala.com\/index.php?rest_route=\/wp\/v2\/types\/page"}],"author":[{"embeddable":true,"href":"https:\/\/artealcala.com\/index.php?rest_route=\/wp\/v2\/users\/1"}],"replies":[{"embeddable":true,"href":"https:\/\/artealcala.com\/index.php?rest_route=%2Fwp%2Fv2%2Fcomments&post=2"}],"version-history":[{"count":71,"href":"https:\/\/artealcala.com\/index.php?rest_route=\/wp\/v2\/pages\/2\/revisions"}],"predecessor-version":[{"id":203,"href":"https:\/\/artealcala.com\/index.php?rest_route=\/wp\/v2\/pages\/2\/revisions\/203"}],"wp:attachment":[{"href":"https:\/\/artealcala.com\/index.php?rest_route=%2Fwp%2Fv2%2Fmedia&parent=2"}],"curies":[{"name":"wp","href":"https:\/\/api.w.org\/{rel}","templated":true}]}}